{"id":1553,"date":"2024-07-17T01:31:01","date_gmt":"2024-07-17T01:31:01","guid":{"rendered":"https:\/\/elvistourblog.it\/?page_id=1553"},"modified":"2024-07-29T08:32:57","modified_gmt":"2024-07-29T08:32:57","slug":"about-me","status":"publish","type":"page","link":"https:\/\/elvistourblog.it\/","title":{"rendered":"About Me"},"content":{"rendered":"<div class=\"wp-block-image\">\n<figure class=\"aligncenter size-full\"><img loading=\"lazy\" decoding=\"async\" width=\"200\" height=\"274\" src=\"https:\/\/elvistourblog.it\/wp-content\/uploads\/2024\/07\/Elvis-foto.jpg\" alt=\"\" class=\"wp-image-6\"\/><\/figure>\n<\/div>\n\n\n<p>Dopo i diciott\u2019anni al conseguimento della patente B le moto non mi interessavano pi\u00f9, mi hanno sempre attirato le auto.<br>Quella primavera del 2016 avevo del tempo da perdere e decisi assieme ad un collega di andare a fare un giro in una concessionaria di moto.<br>Mentre giravamo all\u2019interno ne notai una modello Custom targata, di cui non sapevo neanche l\u2019esistenza, mai vista.<br>Ma che bella mi usc\u00ec ad alta voce, il proprietario del Salone mi disse che era in prova e di provarla senza problemi.<br>Gli risposi guarda, saranno venticinque anni che non ne adopero una, lui di rimando che \u00e8 come andare in bicicletta, non si scorda pi\u00f9.<br>Alche il mio collega avvall\u00f2 subito la tesi del commerciante, mi feci dare un casco e titubante uscii dalla concessionaria per provarla: al mio ritorno fu letteralmente Amore a prima vista.&nbsp;<br>Rientrai dal giro con il sorriso stampato in faccia ma allontanai di forza il desiderio di prenderla!<br>I giorni passarono ma il mio pensiero era costantemente alle emozioni che avevo provato.<br>Un mese dopo sono tornato: vorrei fare un altro giretto se possibile, il titolare (che uomo di esperienza di una vita nel settore aveva gi\u00e0 capito tutto meglio di me), certamente, prendila su.<br>Tornai e come la prima volta non riuscii a celare la mia contentezza ma no, non posso prenderla.&nbsp;<br>Passarono alcune settimane, il mio pensiero era sempre la, ero combattuto, non volevo prendere una cosa di cui non sono mai stato appassionato ed il pericolo da cui poteva derivarne.&nbsp;<br>Ne parlai pi\u00f9 volte con mio Padre (perch\u00e9 certe decisioni importanti voglio che lui ne sia al corrente anche se poi faccio quello che voglio), non era del parere, primo per un fattore di sicurezze e secondo perch\u00e9 la mia preferenza per le auto derivava proprio da un fattore genetico.<br>Pass\u00f2 ancora qualche settimana di \u201cpensieri\u201d (io ho sempre bisogno di tempo e di riflessione per decisioni serie), mi presentai a casa di mio Padre dicendogli: ho deciso di prenderla, lui mi rispose: va bene.<br>Tornai in concessionaria portando con me l\u2019assegno, trovai il titolare e senza chiedergli \u201cper cortesia\u201d gli dissi che volevo provarla di nuovo.<br>Lui aveva gi\u00e0 capito perch\u00e9 ero li.<br>Al mio ritorno ci accordammo per il prezzo, gli diedi l\u2019assegno, firmai, e il giorno dopo andai a ritirarla.<br>Da quel giorno mi si aperse un mondo tutto nuovo e a me sconosciuto.<br>Da quel 2016 iniziai a perlustrare il mio Paese, l\u2019Italia, in solitaria.<br>Da quel 2016 ho fatto viaggi, visto Posti, conosciuto gente ovunque, non l\u2019avessi presa mi sarei privato delle tante Meravigliose esperienze che porter\u00f2 sempre dentro.<br>Viaggiando solo oltre a conoscere Persone Meravigliose e di culture diverse dalla mia, ho conosciuto veramente molto di me stesso, e credo che per conoscersi veramente a fondo lo si debba appunto fare nella solitudine, senza distrazioni, vedendo, ascoltando.<br>L\u2019approccio che hai con il tuo prossimo in paesi e culture diverse dalla tua ti mettono proprio a confronto con te stesso, si trova la tua vera predisposizione agli altri, a te, ti conosci in modo diverso, profondo.<br>In compagnia \u00e8 diverso.<br>Ovviamente in compagnia si pu\u00f2 condividere, cosa che io non potevo fare.<\/p>\n\n\n\n<p>Ma d\u2019altra parte io ero solo, e partii per diverse mete.<\/p>\n\n\n\n<p>E appunto perch\u00e9 non ho mai potuto condividere ci\u00f2 che ho visto e provato, Ho deciso di postare qui qualche foto e qualche descrizione\u2026<\/p>\n\n\n<div class=\"wp-block-image\">\n<figure class=\"aligncenter size-full is-resized\"><img loading=\"lazy\" decoding=\"async\" width=\"1024\" height=\"218\" src=\"https:\/\/elvistourblog.it\/wp-content\/uploads\/2024\/07\/Logo-lineare-ROSSO.jpg\" alt=\"\" class=\"wp-image-1637\" style=\"width:500px\" srcset=\"https:\/\/elvistourblog.it\/wp-content\/uploads\/2024\/07\/Logo-lineare-ROSSO.jpg 1024w, https:\/\/elvistourblog.it\/wp-content\/uploads\/2024\/07\/Logo-lineare-ROSSO-768x164.jpg 768w\" sizes=\"auto, (max-width: 1024px) 100vw, 1024px\" \/><\/figure>\n<\/div>","protected":false},"excerpt":{"rendered":"<p>Dopo i diciott\u2019anni al conseguimento della patente B le moto non mi interessavano pi\u00f9, mi hanno sempre attirato le auto.Quella<\/p>\n<p><a href=\"https:\/\/elvistourblog.it\/\" class=\"more-link\">Continue reading<span class=\"screen-reader-text\">About Me<\/span><\/a><\/p>\n","protected":false},"author":1,"featured_media":0,"parent":0,"menu_order":0,"comment_status":"closed","ping_status":"closed","template":"","meta":{"footnotes":""},"class_list":["post-1553","page","type-page","status-publish","hentry"],"_links":{"self":[{"href":"https:\/\/elvistourblog.it\/index.php\/wp-json\/wp\/v2\/pages\/1553","targetHints":{"allow":["GET"]}}],"collection":[{"href":"https:\/\/elvistourblog.it\/index.php\/wp-json\/wp\/v2\/pages"}],"about":[{"href":"https:\/\/elvistourblog.it\/index.php\/wp-json\/wp\/v2\/types\/page"}],"author":[{"embeddable":true,"href":"https:\/\/elvistourblog.it\/index.php\/wp-json\/wp\/v2\/users\/1"}],"replies":[{"embeddable":true,"href":"https:\/\/elvistourblog.it\/index.php\/wp-json\/wp\/v2\/comments?post=1553"}],"version-history":[{"count":5,"href":"https:\/\/elvistourblog.it\/index.php\/wp-json\/wp\/v2\/pages\/1553\/revisions"}],"predecessor-version":[{"id":1642,"href":"https:\/\/elvistourblog.it\/index.php\/wp-json\/wp\/v2\/pages\/1553\/revisions\/1642"}],"wp:attachment":[{"href":"https:\/\/elvistourblog.it\/index.php\/wp-json\/wp\/v2\/media?parent=1553"}],"curies":[{"name":"wp","href":"https:\/\/api.w.org\/{rel}","templated":true}]}}